{"id":5,"date":"2019-09-16T20:42:26","date_gmt":"2019-09-16T18:42:26","guid":{"rendered":"http:\/\/lisleendodon-rugby.fr\/?page_id=5"},"modified":"2022-03-13T21:55:53","modified_gmt":"2022-03-13T20:55:53","slug":"historique","status":"publish","type":"page","link":"https:\/\/lisleendodon-rugby.fr\/?page_id=5","title":{"rendered":"L&rsquo;historique du Club"},"content":{"rendered":"\n<div class=\"wp-block-columns\">\n<div class=\"wp-block-column\" style=\"flex-basis:33.33%\">\n<p class=\"has-text-align-right has-vivid-cyan-blue-color has-text-color\"><strong>1911 :<\/strong><\/p>\n\n\n\n<p class=\"has-text-align-right has-vivid-cyan-blue-color has-text-color\"><strong>1992 :<\/strong><\/p>\n\n\n\n<p class=\"has-text-align-right has-vivid-cyan-blue-color has-text-color\"><strong>2006 :<\/strong><\/p>\n\n\n\n<p class=\"has-text-align-right has-vivid-cyan-blue-color has-text-color\"><strong>2014-2015&nbsp;<\/strong>:<\/p>\n\n\n\n<p class=\"has-text-align-right has-vivid-cyan-blue-color has-text-color\"><strong>2015-2016 :<\/strong><\/p>\n\n\n\n<p class=\"has-text-align-right has-vivid-cyan-blue-color has-text-color\"><strong>2015-2016&nbsp;<\/strong>:<\/p>\n\n\n\n<p class=\"has-text-align-right has-vivid-cyan-blue-color has-text-color\"><strong>2016-2017 :<\/strong><\/p>\n\n\n\n<p class=\"has-text-align-right has-vivid-cyan-blue-color has-text-color\"><strong>2016-2017 :<\/strong><\/p>\n\n\n\n<p class=\"has-text-align-right has-vivid-cyan-blue-color has-text-color\"><strong>2017-2018 :<\/strong><\/p>\n\n\n\n<p class=\"has-text-align-right has-vivid-cyan-blue-color has-text-color\"><strong>2017-2018 :<\/strong><\/p>\n\n\n\n<p class=\"has-text-align-right has-vivid-cyan-blue-color has-text-color\"><strong>2018-2019 :<\/strong><\/p>\n\n\n\n<p class=\"has-text-align-right has-vivid-cyan-blue-color has-text-color\"><strong>2020-2021 :<\/strong><\/p>\n<\/div>\n\n\n\n<div class=\"wp-block-column\" style=\"flex-basis:66.66%\">\n<p>cr\u00e9ation du club l&rsquo;Union Sportive l&rsquo;Isloise<\/p>\n\n\n\n<p>Champions Midi-Pyr\u00e9n\u00e9es (Honneur)<\/p>\n\n\n\n<p>cr\u00e9ation de l&rsquo;\u00e9cole de rugby (entente avec Lombez-Samatan Club)<\/p>\n\n\n\n<p>mont\u00e9e en s\u00e9rie 1<\/p>\n\n\n\n<p>Champions des Pyr\u00e9n\u00e9es (s\u00e9rie 1)<\/p>\n\n\n\n<p>Champions de France (s\u00e9rie 1)<\/p>\n\n\n\n<p>mont\u00e9e en Promotion Honneur<\/p>\n\n\n\n<p>Champions des Pyr\u00e9n\u00e9es (Promotion Honneur)<\/p>\n\n\n\n<p>cr\u00e9ation de l&rsquo;\u00e9quipe cadets (entente avec l&rsquo;Avenir Massylvain)<\/p>\n\n\n\n<p>mont\u00e9e en Honneur<\/p>\n\n\n\n<p>mont\u00e9e en F\u00e9d\u00e9rale 3<\/p>\n\n\n\n<p>cr\u00e9ation d&rsquo;une \u00e9quipe cadettes (entente avec Lombez-Samatan Club)<\/p>\n<\/div>\n<\/div>\n\n\n<p><style>\/*! elementor - v3.5.6 - 28-02-2022 *\/<br \/>\n.elementor-widget-image-carousel .swiper-container{position:static}.elementor-widget-image-carousel .swiper-container .swiper-slide figure{line-height:inherit}.elementor-widget-image-carousel .swiper-slide{text-align:center}.elementor-image-carousel-wrapper:not(.swiper-container-initialized) .swiper-slide{max-width:calc(100% \/ var(--e-image-carousel-slides-to-show, 3))}<\/style><\/p>\n<p>\u00a0<\/p>\n<p>\u00a0<\/p>\n<figure><img src=\"http:\/\/lisleendodon-rugby.fr\/wp-content\/uploads\/2020\/10\/cropped-Olympique-lIslois.-Rugby.1911-1912.-768x525.jpg\" alt=\"rugby l'isle en dodon usl archive\" \/>\n<figcaption>1911-1912<\/figcaption>\n<\/figure>\n<p>\u00a0<\/p>\n<p>\u00a0<\/p>\n<p>\u00a0<\/p>\n<figure><img src=\"http:\/\/lisleendodon-rugby.fr\/wp-content\/uploads\/2022\/03\/Olympique-lIslois.-Rugby.-1913-1914..Sans-noms-768x619.jpg\" alt=\"1913-1914\" \/>\n<p>\u00a0<\/p>\n<figcaption>1913-1914<\/figcaption>\n<\/figure>\n<p>\u00a0<\/p>\n<p>\u00a0<\/p>\n<p>\u00a0<\/p>\n<figure><img src=\"http:\/\/lisleendodon-rugby.fr\/wp-content\/uploads\/2022\/03\/USL-FCT-1975.-5-768x553.jpg\" alt=\"1975\" \/>\n<p>\u00a0<\/p>\n<figcaption>1975<\/figcaption>\n<\/figure>\n<p>\u00a0<\/p>\n<p>\u00a0<\/p>\n<p>\u00a0<\/p>\n<figure><img src=\"http:\/\/lisleendodon-rugby.fr\/wp-content\/uploads\/2022\/03\/1992_04_19.Finale-chpt-des-Pyrenees-1ere-serie.USL-St-Nicolas-de-la-Grave-33-768x529.jpg\" alt=\"1992 - Finale Championnat des Pyr\u00e9n\u00e9es 1ere s\u00e9rie\" \/>\n<p>\u00a0<\/p>\n<figcaption>1992 &#8211; Finale Championnat des Pyr\u00e9n\u00e9es 1ere s\u00e9rie<\/figcaption>\n<\/figure>\n<p>\u00a0<\/p>\n<p>\u00a0<\/p>\n<p>\u00a0<\/p>\n<figure><img src=\"http:\/\/lisleendodon-rugby.fr\/wp-content\/uploads\/2022\/03\/1992_04_19.Finale-chpt-des-Pyrenees-1ere-serie.USL-St-Nicolas-de-la-Grave-32-768x522.jpg\" alt=\"1992 - Finale Championnat des Pyr\u00e9n\u00e9es 1ere s\u00e9rie\" \/>\n<p>\u00a0<\/p>\n<figcaption>1992 &#8211; Finale Championnat des Pyr\u00e9n\u00e9es 1ere s\u00e9rie<\/figcaption>\n<\/figure>\n<p>\u00a0<\/p>\n<p>\u00a0<\/p>\n<p>\u00a0<\/p>\n<figure><img src=\"http:\/\/lisleendodon-rugby.fr\/wp-content\/uploads\/2020\/10\/Champions-de-France-de-1\u00e8re-s\u00e9rie-768x511.jpg\" alt=\"rugby l'isle en dodon usl champions des Pyr\u00e9n\u00e9es 2016\" \/>\n<p>\u00a0<\/p>\n<figcaption>2016<\/figcaption>\n<\/figure>\n<p>\u00a0<\/p>\n<p>\u00a0<\/p>\n<p>\u00a0<\/p>\n<figure><img src=\"http:\/\/lisleendodon-rugby.fr\/wp-content\/uploads\/2020\/10\/18193739_1385455351531737_8685155677855286465_n-768x576.jpg\" alt=\"rugby l'isle en dodon usl champions des Pyr\u00e9n\u00e9es 2017\" \/>\n<p>\u00a0<\/p>\n<figcaption>2017<\/figcaption>\n<\/figure>\n<p>\u00a0<\/p>\n<p><br \/>Pr\u00e9c\u00e9dent<br \/>Suivant<\/p>","protected":false},"excerpt":{"rendered":"<p>1911 : 1992 : 2006 : 2014-2015&nbsp;: 2015-2016 : 2015-2016&nbsp;: 2016-2017 : 2016-2017 : 2017-2018 : 2017-2018 : 2018-2019 : 2020-2021 : cr\u00e9ation du club l&rsquo;Union Sportive l&rsquo;Isloise Champions Midi-Pyr\u00e9n\u00e9es (Honneur) cr\u00e9ation de l&rsquo;\u00e9cole de rugby (entente avec Lombez-Samatan Club) mont\u00e9e en s\u00e9rie 1 Champions des Pyr\u00e9n\u00e9es (s\u00e9rie 1) Champions de France (s\u00e9rie 1) mont\u00e9e [&hellip;]<\/p>\n","protected":false},"author":1,"featured_media":976,"parent":0,"menu_order":0,"comment_status":"closed","ping_status":"closed","template":"page-templates\/full-width-page.php","meta":[],"_links":{"self":[{"href":"https:\/\/lisleendodon-rugby.fr\/index.php?rest_route=\/wp\/v2\/pages\/5"}],"collection":[{"href":"https:\/\/lisleendodon-rugby.fr\/index.php?rest_route=\/wp\/v2\/pages"}],"about":[{"href":"https:\/\/lisleendodon-rugby.fr\/index.php?rest_route=\/wp\/v2\/types\/page"}],"author":[{"embeddable":true,"href":"https:\/\/lisleendodon-rugby.fr\/index.php?rest_route=\/wp\/v2\/users\/1"}],"replies":[{"embeddable":true,"href":"https:\/\/lisleendodon-rugby.fr\/index.php?rest_route=%2Fwp%2Fv2%2Fcomments&post=5"}],"version-history":[{"count":20,"href":"https:\/\/lisleendodon-rugby.fr\/index.php?rest_route=\/wp\/v2\/pages\/5\/revisions"}],"predecessor-version":[{"id":994,"href":"https:\/\/lisleendodon-rugby.fr\/index.php?rest_route=\/wp\/v2\/pages\/5\/revisions\/994"}],"wp:featuredmedia":[{"embeddable":true,"href":"https:\/\/lisleendodon-rugby.fr\/index.php?rest_route=\/wp\/v2\/media\/976"}],"wp:attachment":[{"href":"https:\/\/lisleendodon-rugby.fr\/index.php?rest_route=%2Fwp%2Fv2%2Fmedia&parent=5"}],"curies":[{"name":"wp","href":"https:\/\/api.w.org\/{rel}","templated":true}]}}