{"id":322,"date":"2020-10-19T21:57:03","date_gmt":"2020-10-19T19:57:03","guid":{"rendered":"http:\/\/lisleendodon-rugby.fr\/?page_id=322"},"modified":"2021-11-03T16:41:45","modified_gmt":"2021-11-03T15:41:45","slug":"colibri-wp","status":"publish","type":"page","link":"https:\/\/lisleendodon-rugby.fr\/","title":{"rendered":"Front Page"},"content":{"rendered":"<div data-colibri-id=\"322-c1\" class=\"style-191 style-local-322-c1 position-relative\">\n  <!----><\/p>\n<div data-colibri-component=\"section\" data-colibri-id=\"322-c2\" id=\"mot-des-presidents\" class=\"h-section h-section-global-spacing d-flex align-items-lg-center align-items-md-center align-items-center style-758 style-local-322-c2 position-relative\">\n    <!----><br \/>\n    <!----><\/p>\n<div class=\"h-section-grid-container h-section-boxed-container\">\n<div data-colibri-id=\"322-c14\" class=\"h-row-container gutters-row-lg-2 gutters-row-md-2 gutters-row-0 gutters-row-v-lg-2 gutters-row-v-md-2 gutters-row-v-2 style-766 style-local-322-c14 position-relative\">\n        <!----><\/p>\n<div class=\"h-row justify-content-lg-center justify-content-md-center justify-content-center align-items-lg-stretch align-items-md-stretch align-items-stretch gutters-col-lg-2 gutters-col-md-2 gutters-col-0 gutters-col-v-lg-2 gutters-col-v-md-2 gutters-col-v-2\">\n          <!----><\/p>\n<div class=\"h-column h-column-container d-flex h-col-lg-auto h-col-md-auto h-col-auto style-767-outer style-local-322-c15-outer\">\n<div data-colibri-id=\"322-c15\" class=\"d-flex h-flex-basis h-column__inner h-px-lg-2 h-px-md-2 h-px-2 v-inner-lg-2 v-inner-md-2 v-inner-2 style-767 style-local-322-c15 position-relative\">\n              <!----><br \/>\n              <!----><\/p>\n<div class=\"w-100 h-y-container h-column__content h-column__v-align flex-basis-100 align-self-lg-start align-self-md-start align-self-start\">\n                <!----><\/p>\n<div data-colibri-id=\"322-c16\" class=\"h-global-transition-all h-heading style-768 style-local-322-c16 position-relative h-element\">\n                  <!----><\/p>\n<div class=\"h-heading__outer style-768 style-local-322-c16\">\n                    <!----><br \/>\n                    <!----><\/p>\n<h2 class=\"\">Le mot des Co-pr\u00e9sidents<\/h2>\n<\/p><\/div>\n<\/p><\/div>\n<\/p><\/div>\n<\/p><\/div>\n<\/p><\/div>\n<\/p><\/div>\n<\/p><\/div>\n<div data-colibri-id=\"322-c3\" class=\"h-row-container gutters-row-lg-3 gutters-row-md-3 gutters-row-0 gutters-row-v-lg-3 gutters-row-v-md-3 gutters-row-v-3 style-759 style-local-322-c3 position-relative\">\n        <!----><\/p>\n<div class=\"h-row justify-content-lg-center justify-content-md-center justify-content-center align-items-lg-stretch align-items-md-stretch align-items-stretch gutters-col-lg-3 gutters-col-md-3 gutters-col-0 gutters-col-v-lg-3 gutters-col-v-md-3 gutters-col-v-3\">\n          <!----><\/p>\n<div class=\"h-column h-column-container d-flex h-col-lg-12 h-col-md-6 h-col-12 style-760-outer style-local-322-c4-outer\">\n<div data-colibri-id=\"322-c4\" class=\"d-flex h-flex-basis h-column__inner h-px-lg-3 h-px-md-3 h-px-3 v-inner-lg-3 v-inner-md-3 v-inner-3 style-760 style-local-322-c4 position-relative\">\n              <!----><br \/>\n              <!----><\/p>\n<div class=\"w-100 h-y-container h-column__content h-column__v-align flex-basis-100 align-self-lg-start align-self-md-start align-self-start\">\n                <!----><\/p>\n<div data-colibri-id=\"322-c5\" class=\"h-row-container gutters-row-lg-2 gutters-row-md-2 gutters-row-0 gutters-row-v-lg-2 gutters-row-v-md-2 gutters-row-v-2 style-776 style-local-322-c5 position-relative\">\n                  <!----><\/p>\n<div class=\"h-row justify-content-lg-center justify-content-md-center justify-content-center align-items-lg-stretch align-items-md-stretch align-items-stretch gutters-col-lg-2 gutters-col-md-2 gutters-col-0 gutters-col-v-lg-2 gutters-col-v-md-2 gutters-col-v-2\">\n                    <!----><\/p>\n<div class=\"h-column h-column-container d-flex h-col-lg-auto h-col-md-auto h-col-auto style-777-outer style-local-322-c6-outer\">\n<div data-colibri-id=\"322-c6\" class=\"d-flex h-flex-basis h-column__inner h-px-lg-2 h-px-md-2 h-px-2 v-inner-lg-2 v-inner-md-2 v-inner-2 style-777 style-local-322-c6 position-relative\">\n                        <!----><br \/>\n                        <!----><\/p>\n<div class=\"w-100 h-y-container h-column__content h-column__v-align flex-basis-100 align-self-lg-start align-self-md-start align-self-start\">\n                          <!----><\/p>\n<div data-colibri-id=\"322-c7\" class=\"d-block style-771 style-local-322-c7 position-relative h-element\">\n                            <!----><\/p>\n<div class=\"h-image__frame-container-outer\">\n<div class=\"h-image__frame-container\">\n                                <!----><br \/>\n                                <!----><br \/>\n                                <img loading=\"lazy\" width=\"1331\" height=\"1329\" src=\"http:\/\/lisleendodon-rugby.fr\/wp-content\/uploads\/2020\/10\/cropped-Les-pr\u00e9sidents.jpg\" class=\"wp-image-645 style-771-image style-local-322-c7-image\" srcset=\"https:\/\/lisleendodon-rugby.fr\/wp-content\/uploads\/2020\/10\/cropped-Les-pr\u00e9sidents.jpg 1331w, https:\/\/lisleendodon-rugby.fr\/wp-content\/uploads\/2020\/10\/cropped-Les-pr\u00e9sidents-300x300.jpg 300w, https:\/\/lisleendodon-rugby.fr\/wp-content\/uploads\/2020\/10\/cropped-Les-pr\u00e9sidents-1024x1022.jpg 1024w, https:\/\/lisleendodon-rugby.fr\/wp-content\/uploads\/2020\/10\/cropped-Les-pr\u00e9sidents-150x150.jpg 150w, https:\/\/lisleendodon-rugby.fr\/wp-content\/uploads\/2020\/10\/cropped-Les-pr\u00e9sidents-768x767.jpg 768w\" sizes=\"(max-width: 1331px) 100vw, 1331px\" \/><\/p>\n<div class=\"h-image__frame h-hide-lg h-hide-md h-hide-sm style-771-frameImage style-local-322-c7-frameImage\"><\/div>\n<\/p><\/div>\n<\/p><\/div>\n<\/p><\/div>\n<div data-colibri-id=\"322-c8\" class=\"h-global-transition-all h-heading style-779 style-local-322-c8 position-relative h-element\">\n                            <!----><\/p>\n<div class=\"h-heading__outer style-779 style-local-322-c8\">\n                              <!----><br \/>\n                              <!----><\/p>\n<h5 class=\"\">Guillaume ARCIDET &amp; Vincent DESPIS<\/h5>\n<\/p><\/div>\n<\/p><\/div>\n<\/p><\/div>\n<\/p><\/div>\n<\/p><\/div>\n<div class=\"h-column h-column-container d-flex h-col-lg-auto h-col-md-auto h-col-auto style-778-outer style-local-322-c9-outer\">\n<div data-colibri-id=\"322-c9\" class=\"d-flex h-flex-basis h-column__inner h-px-lg-2 h-px-md-2 h-px-2 v-inner-lg-2 v-inner-md-2 v-inner-2 style-778 style-local-322-c9 position-relative\">\n                        <!----><br \/>\n                        <!----><\/p>\n<div class=\"w-100 h-y-container h-column__content h-column__v-align flex-basis-100 align-self-lg-start align-self-md-start align-self-start\">\n                          <!----><\/p>\n<div data-colibri-id=\"322-c10\" class=\"style-780 style-local-322-c10 position-relative h-element\">\n                            <!---->\n                          <\/div>\n<div data-colibri-id=\"322-c11\" class=\"h-icon style-761 style-local-322-c11 position-relative h-element\">\n                            <!----><span class=\"h-svg-icon h-icon__icon style-761-icon style-local-322-c11-icon\"><!--Icon by Font Awesome (https:\/\/fontawesome.com)--><svg version=\"1.1\" xmlns=\"http:\/\/www.w3.org\/2000\/svg\" xmlns:xlink=\"http:\/\/www.w3.org\/1999\/xlink\" id=\"quote-right\" viewBox=\"0 0 1664 1896.0833\"><path d=\"M768 320v704q0 104-40.5 198.5T618 1386t-163.5 109.5T256 1536h-64q-26 0-45-19t-19-45v-128q0-26 19-45t45-19h64q106 0 181-75t75-181v-32q0-40-28-68t-68-28H192q-80 0-136-56T0 704V320q0-80 56-136t136-56h384q80 0 136 56t56 136zm896 0v704q0 104-40.5 198.5T1514 1386t-163.5 109.5T1152 1536h-64q-26 0-45-19t-19-45v-128q0-26 19-45t45-19h64q106 0 181-75t75-181v-32q0-40-28-68t-68-28h-224q-80 0-136-56t-56-136V320q0-80 56-136t136-56h384q80 0 136 56t56 136z\"><\/path><\/svg><\/span><\/div>\n<div\n                            data-colibri-id=\"322-c12\" class=\"h-text h-text-component style-772 style-local-322-c12 position-relative h-element\"><br \/>\n                            <!----><br \/>\n                            <!----><\/p>\n<div class=\"\">\n<p>L\u2019USL surfe sur la dynamique.<\/p>\n<p>Chers amis,<\/p>\n<p>Depuis 5 saisons, l\u2019USL vit sur une autre plan\u00e8te. 3 titres et 3 mont\u00e9es avec toujours autant de passion et de plaisir. Le club est \u00e0 son plus haut niveau, cela ne sera pas simple mais nous voulons nous p\u00e9renniser en F\u00e9d\u00e9rale<br \/>\n                                3.Nous comptons sur un noyau dur de dirigeants, joueurs, partenaires et supporters forts et unis, o\u00f9 chacun trouve sa place et apporte sa pierre \u00e0 l\u2019\u00e9difice. Notre ruralit\u00e9 et l&rsquo;\u00e9tat d\u2019esprit montrent cette \u00e9volution au<br \/>\n                                fil des ann\u00e9es.<\/p>\n<\/p><\/div>\n<\/p><\/div>\n<\/p><\/div>\n<\/p><\/div>\n<\/p><\/div>\n<\/p><\/div>\n<\/p><\/div>\n<div data-colibri-id=\"322-c13\" class=\"h-text h-text-component style-762 style-local-322-c13 position-relative h-element\">\n                <!----><br \/>\n                <!----><\/p>\n<div class=\"\">\n<p>Avec nos partenaires : le Lombez-Samatan Club et l\u2019Avenir Massylvain, nous construisons notre base pour former nos jeunes issus de notre territoire.&nbsp;<\/p>\n<p><strong>L\u2019Ecole de rugby<\/strong> avec le LSC continue son chemin. Benoit Castex et Jean-Claude Carde en sont les garants, ils contribuent au bon \u00e9tat de sant\u00e9 de nos deux clubs.<\/p>\n<p>Pour le <strong>P\u00f4le jeune<\/strong>, nous fonctionnons avec nos amis de Masseube qui est un club partageant nos valeurs. Nous travaillons en commun pour pr\u00e9senter un groupe cadets juniors comp\u00e9titif, o\u00f9 le plaisir de jouer doit rester<br \/>\n                    la priorit\u00e9, dans le but d\u2019aguerrir ces adolescents et de leur permettre de franchir un palier&nbsp;: ce seront nos seniors de demain.<\/p>\n<p>Le groupe <strong>s\u00e9niors <\/strong>continue sur sa lanc\u00e9e et notre staff met tout en \u0153uvre pour bien figurer sur cette nouvelle saison avec comme ma\u00eetres mots : solidarit\u00e9, plaisir et jeu.<\/p>\n<p>Cette ann\u00e9e, en partenariat avec le LSC, nous avons d\u00e9cid\u00e9 de cr\u00e9er <strong>une \u00e9quipe f\u00e9minine sur la cat\u00e9gorie cadettes \u00e0 X<\/strong>. L\u2019implication et le dynamisme de certains a permis de concr\u00e9tiser ce projet et de nous lancer dans<br \/>\n                    l\u2019aventure, ce qui renforce nos liens. Chaque joueuse pourra s\u2019\u00e9panouir et contribuer au d\u00e9veloppement de notre grande famille.<\/p>\n<p>Ce site internet vous permettra de suivre les actualit\u00e9s du Club. Il est essentiel d\u2019avoir une visibilit\u00e9 et une communication \u00e0 la port\u00e9e de tous.<\/p>\n<p><strong>Nous remercions l\u2019ensemble de nos partenaires, supporters, dirigeants, b\u00e9n\u00e9voles, joueurs, staff, anonymes, qui ont le c\u0153ur L\u2019Islois. <\/strong><\/p>\n<p><strong>Sans vous nous ne sommes rien, tous ensembles nous formons la grande famille de l\u2019USL.<\/strong><\/p>\n<p>Merci et bonne visite<\/p>\n<p><strong>Les Co-pr\u00e9sidents<\/strong><\/p>\n<\/p><\/div>\n<\/p><\/div>\n<\/p><\/div>\n<\/p><\/div>\n<\/p><\/div>\n<\/p><\/div>\n<\/p><\/div>\n<\/p><\/div>\n<\/div>\n<\/div>\n","protected":false},"excerpt":{"rendered":"<p>Le mot des Co-pr\u00e9sidents Guillaume ARCIDET &amp; Vincent DESPIS L\u2019USL surfe sur la dynamique. Chers amis, Depuis 5 saisons, l\u2019USL vit sur une autre plan\u00e8te. 3 titres et 3 mont\u00e9es avec toujours autant de passion et de plaisir. Le club est \u00e0 son plus haut niveau, cela ne sera pas simple mais nous voulons nous [&hellip;]<\/p>\n","protected":false},"author":1,"featured_media":0,"parent":0,"menu_order":0,"comment_status":"closed","ping_status":"closed","template":"page-templates\/homepage.php","meta":[],"_links":{"self":[{"href":"https:\/\/lisleendodon-rugby.fr\/index.php?rest_route=\/wp\/v2\/pages\/322"}],"collection":[{"href":"https:\/\/lisleendodon-rugby.fr\/index.php?rest_route=\/wp\/v2\/pages"}],"about":[{"href":"https:\/\/lisleendodon-rugby.fr\/index.php?rest_route=\/wp\/v2\/types\/page"}],"author":[{"embeddable":true,"href":"https:\/\/lisleendodon-rugby.fr\/index.php?rest_route=\/wp\/v2\/users\/1"}],"replies":[{"embeddable":true,"href":"https:\/\/lisleendodon-rugby.fr\/index.php?rest_route=%2Fwp%2Fv2%2Fcomments&post=322"}],"version-history":[{"count":19,"href":"https:\/\/lisleendodon-rugby.fr\/index.php?rest_route=\/wp\/v2\/pages\/322\/revisions"}],"predecessor-version":[{"id":911,"href":"https:\/\/lisleendodon-rugby.fr\/index.php?rest_route=\/wp\/v2\/pages\/322\/revisions\/911"}],"wp:attachment":[{"href":"https:\/\/lisleendodon-rugby.fr\/index.php?rest_route=%2Fwp%2Fv2%2Fmedia&parent=322"}],"curies":[{"name":"wp","href":"https:\/\/api.w.org\/{rel}","templated":true}]}}