{"id":274,"date":"2020-08-30T22:05:16","date_gmt":"2020-08-30T20:05:16","guid":{"rendered":"http:\/\/lisleendodon-rugby.fr\/?page_id=274"},"modified":"2022-03-13T19:36:51","modified_gmt":"2022-03-13T18:36:51","slug":"devenez-partenaires","status":"publish","type":"page","link":"https:\/\/lisleendodon-rugby.fr\/?page_id=274","title":{"rendered":"Devenez partenaires"},"content":{"rendered":"<div data-colibri-id=\"274-c1\" class=\"style-821 style-local-274-c1 position-relative\">\n  <!----><\/p>\n<div data-colibri-component=\"section\" data-colibri-id=\"274-c2\" id=\"about\" class=\"h-section h-section-global-spacing d-flex align-items-lg-center align-items-md-center align-items-center style-822 style-local-274-c2 position-relative\">\n    <!----><br \/>\n    <!----><\/p>\n<div class=\"h-section-grid-container h-section-boxed-container\">\n      <!----><\/p>\n<div data-colibri-id=\"274-c13\" class=\"h-row-container gutters-row-lg-2 gutters-row-md-2 gutters-row-0 gutters-row-v-lg-2 gutters-row-v-md-2 gutters-row-v-2 style-833 style-local-274-c13 position-relative\">\n        <!----><\/p>\n<div class=\"h-row justify-content-lg-center justify-content-md-center justify-content-center align-items-lg-stretch align-items-md-stretch align-items-stretch gutters-col-lg-2 gutters-col-md-2 gutters-col-0 gutters-col-v-lg-2 gutters-col-v-md-2 gutters-col-v-2\">\n          <!----><\/p>\n<div class=\"h-column h-column-container d-flex h-col-lg-auto h-col-md-auto h-col-auto style-834-outer style-local-274-c14-outer\">\n<div data-colibri-id=\"274-c14\" class=\"d-flex h-flex-basis h-column__inner h-px-lg-2 h-px-md-2 h-px-2 v-inner-lg-2 v-inner-md-2 v-inner-2 style-834 style-local-274-c14 position-relative\">\n              <!----><br \/>\n              <!----><\/p>\n<div class=\"w-100 h-y-container h-column__content h-column__v-align flex-basis-100 align-self-lg-start align-self-md-start align-self-start\">\n                <!----><\/p>\n<div data-colibri-id=\"274-c15\" class=\"h-global-transition-all h-heading style-835 style-local-274-c15 position-relative h-element\">\n                  <!----><\/p>\n<div class=\"h-heading__outer style-835 style-local-274-c15\">\n                    <!----><br \/>\n                    <!----><\/p>\n<h1 class=\"\">LA TABLE OVALE DES ENTREPRENEURS<\/h1>\n<\/p><\/div>\n<\/p><\/div>\n<\/p><\/div>\n<\/p><\/div>\n<\/p><\/div>\n<\/p><\/div>\n<\/p><\/div>\n<div data-colibri-id=\"274-c3\" class=\"h-row-container gutters-row-lg-1 gutters-row-md-1 gutters-row-2 gutters-row-v-lg-1 gutters-row-v-md-1 gutters-row-v-2 style-823 style-local-274-c3 position-relative\">\n        <!----><\/p>\n<div class=\"h-row justify-content-lg-center justify-content-md-center justify-content-center align-items-lg-stretch align-items-md-stretch align-items-stretch gutters-col-lg-1 gutters-col-md-1 gutters-col-2 gutters-col-v-lg-1 gutters-col-v-md-1 gutters-col-v-2\">\n          <!----><\/p>\n<div class=\"h-column h-column-container d-flex h-col-lg-auto h-col-md-auto h-col-auto style-824-outer style-local-274-c4-outer\">\n<div data-colibri-id=\"274-c4\" class=\"d-flex h-flex-basis h-column__inner h-px-lg-2 h-px-md-2 h-px-2 v-inner-lg-2 v-inner-md-2 v-inner-2 style-824 style-local-274-c4 position-relative\">\n              <!----><br \/>\n              <!----><\/p>\n<div class=\"w-100 h-y-container h-column__content h-column__v-align flex-basis-100 align-self-lg-center align-self-md-center align-self-center\">\n                <!----><\/p>\n<div data-colibri-id=\"274-c6\" class=\"h-global-transition-all h-heading style-826 style-local-274-c6 position-relative h-element\">\n                  <!----><\/p>\n<div class=\"h-heading__outer style-826 style-local-274-c6\">\n                    <!----><br \/>\n                    <!----><\/p>\n<h2 class=\"\">Soutenez&nbsp;<em style=\"color: rgb(3, 169, 244); font-family: &quot;Playfair Display&quot;;\">L&rsquo;USL<\/em>,<br \/>\n                      <br \/>devenez&nbsp;<em style=\"color: rgb(3, 169, 244); font-family: &quot;Playfair Display&quot;;\">partenaires<\/em>&nbsp;!<\/h2>\n<\/p><\/div>\n<\/p><\/div>\n<div data-colibri-id=\"274-c12\" class=\"h-global-transition-all h-heading style-832 style-local-274-c12 position-relative h-element\">\n                  <!----><\/p>\n<div class=\"h-heading__outer style-832 style-local-274-c12\">\n                    <!----><br \/>\n                    <!----><\/p>\n<h3 class=\"\">\u00catre partenaire de l&rsquo;USL c&rsquo;est &#8230;<\/h3>\n<\/p><\/div>\n<\/p><\/div>\n<div data-colibri-id=\"274-c16\" class=\"h-global-transition-all h-heading style-836 style-local-274-c16 position-relative h-element\">\n                  <!----><\/p>\n<div class=\"h-heading__outer style-836 style-local-274-c16\">\n                    <!----><br \/>\n                    <!----><\/p>\n<h4 class=\"\">ACCOMPAGNER<\/h4>\n<\/p><\/div>\n<\/p><\/div>\n<div data-colibri-id=\"274-c7\" class=\"h-lead h-text h-text-component style-827 style-local-274-c7 position-relative h-element\">\n                  <!----><br \/>\n                  <!----><\/p>\n<div class=\"\">\n<p>nos \u00e9quipes (la 1 et la r\u00e9serve), notre P\u00f4le jeunes et notre \u00c9cole de rugby dans leurs projets de d\u00e9veloppement <\/p>\n<\/p><\/div>\n<\/p><\/div>\n<div data-colibri-id=\"274-c17\" class=\"h-global-transition-all h-heading style-837 style-local-274-c17 position-relative h-element\">\n                  <!----><\/p>\n<div class=\"h-heading__outer style-837 style-local-274-c17\">\n                    <!----><br \/>\n                    <!----><\/p>\n<h4 class=\"\">SOUTENIR NOS \u00c9QUIPES<\/h4>\n<\/p><\/div>\n<\/p><\/div>\n<div data-colibri-id=\"274-c18\" class=\"h-text h-text-component style-838 style-local-274-c18 position-relative h-element\">\n                  <!----><br \/>\n                  <!----><\/p>\n<div class=\"\">\n<p><span style=\"font-weight: 300; font-size: 20px; font-family: &quot;Open Sans&quot;; color: rgb(37, 41, 42);\">en am\u00e9liorant leurs conditions de pratique du rugby<\/span><\/p>\n<\/p><\/div>\n<\/p><\/div>\n<div data-colibri-id=\"274-c19\" class=\"h-global-transition-all h-heading style-839 style-local-274-c19 position-relative h-element\">\n                  <!----><\/p>\n<div class=\"h-heading__outer style-839 style-local-274-c19\">\n                    <!----><br \/>\n                    <!----><\/p>\n<h4 class=\"\">PARTICIPER<\/h4>\n<\/p><\/div>\n<\/p><\/div>\n<div data-colibri-id=\"274-c20\" class=\"h-text h-text-component style-840 style-local-274-c20 position-relative h-element\">\n                  <!----><br \/>\n                  <!----><\/p>\n<div class=\"\">\n<p><span style=\"color: rgb(37, 41, 42); font-family: &quot;Open Sans&quot;; font-size: 20px; font-weight: 300;\">aux rencontres, repas d&rsquo;avant-match, r\u00e9ceptions d&rsquo;apr\u00e8s-match et lors d&rsquo;\u00e9v\u00e8nements majeurs de la saison<\/span><\/p>\n<\/p><\/div>\n<\/p><\/div>\n<div data-colibri-id=\"274-c21\" class=\"h-global-transition-all h-heading style-841 style-local-274-c21 position-relative h-element\">\n                  <!----><\/p>\n<div class=\"h-heading__outer style-841 style-local-274-c21\">\n                    <!----><br \/>\n                    <!----><\/p>\n<h4 class=\"\">AVOIR DE LA VISIBILIT\u00e9<\/h4>\n<\/p><\/div>\n<\/p><\/div>\n<div data-colibri-id=\"274-c22\" class=\"h-text h-text-component style-842 style-local-274-c22 position-relative h-element\">\n                  <!----><br \/>\n                  <!----><\/p>\n<div class=\"\">\n<p><span style=\"color: rgb(37, 41, 42); font-family: &quot;Open Sans&quot;; font-size: 20px; font-weight: 300;\">sur nos supports de communication (calendrier, \u00e9quipements, site internet, panneaux autour du stade&#8230;)<\/span><\/p>\n<\/p><\/div>\n<\/p><\/div>\n<div data-colibri-id=\"274-c23\" class=\"h-global-transition-all h-heading style-843 style-local-274-c23 position-relative h-element\">\n                  <!----><\/p>\n<div class=\"h-heading__outer style-843 style-local-274-c23\">\n                    <!----><br \/>\n                    <!----><\/p>\n<h4 class=\"\">ET &#8230;<\/h4>\n<\/p><\/div>\n<\/p><\/div>\n<div data-colibri-id=\"274-c24\" class=\"h-text h-text-component style-844 style-local-274-c24 position-relative h-element\">\n                  <!----><br \/>\n                  <!----><\/p>\n<div class=\"\">\n<p><span style=\"color: rgb(37, 41, 42); font-family: &quot;Open Sans&quot;; font-size: 20px; font-weight: 300;\">rejoindre un Club ambitieux et dynamique, qui f\u00e9d\u00e8re ses partenaires en tissant des liens solides autour de moments conviviaux pour construire ensemble !<\/span><\/p>\n<\/p><\/div>\n<\/p><\/div>\n<\/p><\/div>\n<\/p><\/div>\n<\/p><\/div>\n<div class=\"h-column h-column-container d-flex h-col-lg-auto h-col-md-auto h-col-auto style-830-outer style-local-274-c10-outer\">\n<div data-colibri-id=\"274-c10\" class=\"d-flex h-flex-basis h-column__inner h-px-lg-2 h-px-md-2 h-px-2 v-inner-lg-2 v-inner-md-2 v-inner-2 style-830 style-local-274-c10 position-relative\">\n              <!----><br \/>\n              <!----><\/p>\n<div class=\"w-100 h-y-container h-column__content h-column__v-align flex-basis-100 align-self-lg-center align-self-md-center align-self-center\">\n                <!----><\/p>\n<div data-colibri-id=\"274-c11\" class=\"d-block style-831 style-local-274-c11 position-relative h-element\">\n                  <!----><\/p>\n<div class=\"h-image__frame-container-outer\">\n<div class=\"h-image__frame-container\">\n                      <!----><br \/>\n                      <!----><br \/>\n                      <img loading=\"lazy\" width=\"1710\" height=\"1708\" src=\"http:\/\/lisleendodon-rugby.fr\/wp-content\/uploads\/2020\/10\/cropped-hands-joined-by-team-scaled-1.jpg\" class=\"wp-image-738 style-831-image style-local-274-c11-image\" srcset=\"https:\/\/lisleendodon-rugby.fr\/wp-content\/uploads\/2020\/10\/cropped-hands-joined-by-team-scaled-1.jpg 1710w, https:\/\/lisleendodon-rugby.fr\/wp-content\/uploads\/2020\/10\/cropped-hands-joined-by-team-scaled-1-300x300.jpg 300w, https:\/\/lisleendodon-rugby.fr\/wp-content\/uploads\/2020\/10\/cropped-hands-joined-by-team-scaled-1-1024x1024.jpg 1024w, https:\/\/lisleendodon-rugby.fr\/wp-content\/uploads\/2020\/10\/cropped-hands-joined-by-team-scaled-1-150x150.jpg 150w, https:\/\/lisleendodon-rugby.fr\/wp-content\/uploads\/2020\/10\/cropped-hands-joined-by-team-scaled-1-768x767.jpg 768w, https:\/\/lisleendodon-rugby.fr\/wp-content\/uploads\/2020\/10\/cropped-hands-joined-by-team-scaled-1-1536x1534.jpg 1536w\" sizes=\"(max-width: 1710px) 100vw, 1710px\" \/><\/p>\n<div class=\"h-image__frame h-hide-sm style-831-frameImage style-local-274-c11-frameImage\"><\/div>\n<\/p><\/div>\n<\/p><\/div>\n<\/p><\/div>\n<\/p><\/div>\n<\/p><\/div>\n<\/p><\/div>\n<\/p><\/div>\n<\/p><\/div>\n<\/p><\/div>\n<\/p><\/div>\n<div data-colibri-component=\"section\" data-colibri-id=\"274-c29\" id=\"contact\" class=\"h-section h-section-global-spacing d-flex align-items-lg-center align-items-md-center align-items-center style-849 style-local-274-c29 position-relative\">\n<div class=\"background-wrapper\">\n<div class=\"background-layer background-layer-media-container-lg\">\n        <!----><\/p>\n<div class=\"overlay-layer\">\n<div class=\"overlay-image-layer\" style=\"background-color: rgb(23, 37, 42); opacity: 0.5;\"><\/div>\n<\/p><\/div>\n<\/p><\/div>\n<div class=\"background-layer background-layer-media-container-md\">\n        <!----><\/p>\n<div class=\"overlay-layer\">\n<div class=\"overlay-image-layer\" style=\"background-color: rgb(23, 37, 42); opacity: 0.5;\"><\/div>\n<\/p><\/div>\n<\/p><\/div>\n<div class=\"background-layer background-layer-media-container\">\n        <!----><\/p>\n<div class=\"overlay-layer\">\n<div class=\"overlay-image-layer\" style=\"background-color: rgb(23, 37, 42); opacity: 0.5;\"><\/div>\n<\/p><\/div>\n<\/p><\/div>\n<\/p><\/div>\n<p>    <!----><\/p>\n<div class=\"h-section-grid-container h-section-boxed-container\">\n      <!----><\/p>\n<div data-colibri-id=\"274-c30\" class=\"h-row-container gutters-row-lg-2 gutters-row-md-2 gutters-row-2 gutters-row-v-lg-2 gutters-row-v-md-2 gutters-row-v-2 style-850 style-local-274-c30 position-relative\">\n        <!----><\/p>\n<div class=\"h-row justify-content-lg-center justify-content-md-center justify-content-center align-items-lg-stretch align-items-md-stretch align-items-stretch gutters-col-lg-2 gutters-col-md-2 gutters-col-2 gutters-col-v-lg-2 gutters-col-v-md-2 gutters-col-v-2\">\n          <!----><\/p>\n<div class=\"h-column h-column-container d-flex h-col-lg-auto h-col-md-auto h-col-auto style-851-outer style-local-274-c31-outer\">\n<div data-colibri-id=\"274-c31\" class=\"d-flex h-flex-basis h-column__inner h-px-lg-0 h-px-md-0 h-px-0 v-inner-lg-0 v-inner-md-0 v-inner-0 style-851 style-local-274-c31 position-relative\">\n              <!----><br \/>\n              <!----><\/p>\n<div class=\"w-100 h-y-container h-column__content h-column__v-align flex-basis-100 align-self-lg-start align-self-md-start align-self-start\">\n                <!----><\/p>\n<div data-colibri-id=\"274-c32\" class=\"h-row-container gutters-row-lg-0 gutters-row-md-0 gutters-row-0 gutters-row-v-lg-0 gutters-row-v-md-0 gutters-row-v-0 style-852 style-local-274-c32 position-relative\">\n                  <!----><\/p>\n<div class=\"h-row justify-content-lg-center justify-content-md-center justify-content-center align-items-lg-stretch align-items-md-stretch align-items-stretch gutters-col-lg-0 gutters-col-md-0 gutters-col-0 gutters-col-v-lg-0 gutters-col-v-md-0 gutters-col-v-0\">\n                    <!----><\/p>\n<div class=\"h-column h-column-container d-flex h-col-lg-auto h-col-md-auto h-col-auto style-853-outer style-local-274-c33-outer\">\n<div data-colibri-id=\"274-c33\" class=\"d-flex h-flex-basis h-column__inner h-px-lg-0 h-px-md-0 h-px-0 v-inner-lg-0 v-inner-md-0 v-inner-0 style-853 style-local-274-c33 position-relative\">\n                        <!----><br \/>\n                        <!----><\/p>\n<div class=\"w-100 h-y-container h-column__content h-column__v-align flex-basis-100 align-self-lg-center align-self-md-center align-self-center\">\n                          <!----><\/p>\n<div data-colibri-id=\"274-c34\" class=\"h-global-transition-all h-heading style-854 style-local-274-c34 position-relative h-element\">\n                            <!----><\/p>\n<div class=\"h-heading__outer style-854 style-local-274-c34\">\n                              <!----><br \/>\n                              <!----><\/p>\n<h4 class=\"\">contact information<\/h4>\n<\/p><\/div>\n<\/p><\/div>\n<div data-colibri-id=\"274-c35\" class=\"h-icon style-855 style-local-274-c35 position-relative h-element\">\n                            <!----><span class=\"h-svg-icon h-icon__icon style-855-icon style-local-274-c35-icon\"><!--Icon by Icons8 Line Awesome (https:\/\/icons8.com\/line-awesome)--><svg version=\"1.1\" xmlns=\"http:\/\/www.w3.org\/2000\/svg\" xmlns:xlink=\"http:\/\/www.w3.org\/1999\/xlink\" id=\"binoculars\" viewBox=\"0 0 512 545.5\"><path d=\"M176 112c29.713 0 53.785 20.558 61 48h38c7.215-27.442 31.287-48 61-48 31.48 0 56.644 23.064 62 53 30.428 7.807 56.326 27.65 68 56v.5l.5.5L503 324c5.795 13.502 9 28.423 9 44 0 61.666-50.334 112-112 112-55.546 0-101.847-40.826-110.5-94-8.688 8.553-20.476 14-33.5 14s-24.813-5.447-33.5-14c-8.653 53.174-54.954 94-110.5 94C50.334 480 0 429.666 0 368c0-17.54 4.253-34.19 11.5-49l34-95.5h.5c11.496-31.205 37.775-50.882 68-58.5 5.356-29.936 30.52-53 62-53zm0 32c-19.043 0-32 12.957-32 32v14.5l-14.5 1.5c-24.565 2.586-44.21 17.225-53.5 42v.5L64 267c14.557-6.945 30.852-11 48-11 46.792 0 86.797 29.08 103.5 70 8.577-13.29 23.658-22 40.5-22s31.923 8.71 40.5 22c16.703-40.92 56.708-70 103.5-70 17.38 0 33.794 4.377 48.5 11.5l-12-34c-.14-.34-.354-.662-.5-1-9.246-21.422-29.724-37.997-53.5-40.5l-14.5-1.5V176c0-19.043-12.957-32-32-32s-32 12.957-32 32v16h-96v-16c0-19.043-12.957-32-32-32zm-64 144c-32.328 0-59.852 19.073-72.5 46.5-.28.606-.235 1.387-.5 2-4.2 9.743-7 20.17-7 31.5 0 44.372 35.628 80 80 80s80-35.628 80-80-35.628-80-80-80zm288 0c-44.372 0-80 35.628-80 80s35.628 80 80 80 80-35.628 80-80-35.628-80-80-80zm-144 48c-9.026 0-16 6.974-16 16s6.974 16 16 16 16-6.974 16-16-6.974-16-16-16z\"><\/path><\/svg><\/span><\/div>\n<div\n                            data-colibri-id=\"274-c36\" class=\"h-global-transition-all h-heading style-856 style-local-274-c36 position-relative h-element\"><br \/>\n                            <!----><\/p>\n<div class=\"h-heading__outer style-856 style-local-274-c36\">\n                              <!----><br \/>\n                              <!----><\/p>\n<h5 class=\"\">write us or contact us on our social media<\/h5>\n<\/p><\/div>\n<\/p><\/div>\n<div data-colibri-id=\"274-c37\" class=\"style-857 style-local-274-c37 position-relative h-element\">\n                          <!----><\/p>\n<div class=\"d-flex flex-wrap h-social-icons justify-content-lg-center justify-content-md-center justify-content-center\">\n<div class=\"social-icon-container d-inline-flex\">\n<div class=\"icon-container h-social-icon h-global-transition\">\n<div class=\"h-icon-svg\" style=\"width: 100%; height: 100%;\">\n                                  <!--Icon by Font Awesome (https:\/\/fontawesome.com)--><br \/>\n                                  <svg version=\"1.1\" xmlns=\"http:\/\/www.w3.org\/2000\/svg\" xmlns:xlink=\"http:\/\/www.w3.org\/1999\/xlink\" id=\"facebook-square\" viewBox=\"0 0 1536 1896.0833\">\n                                    <path d=\"M1248 128q119 0 203.5 84.5T1536 416v960q0 119-84.5 203.5T1248 1664h-188v-595h199l30-232h-229V689q0-56 23.5-84t91.5-28l122-1V369q-63-9-178-9-136 0-217.5 80T820 666v171H620v232h200v595H288q-119 0-203.5-84.5T0 1376V416q0-119 84.5-203.5T288 128h960z\"><\/path>\n                                  <\/svg>\n                                <\/div>\n<\/p><\/div>\n<\/p><\/div>\n<div class=\"social-icon-container d-inline-flex\">\n<div class=\"icon-container h-social-icon h-global-transition\">\n<div class=\"h-icon-svg\" style=\"width: 100%; height: 100%;\">\n                                  <!--Icon by Font Awesome (https:\/\/fontawesome.com)--><br \/>\n                                  <svg version=\"1.1\" xmlns=\"http:\/\/www.w3.org\/2000\/svg\" xmlns:xlink=\"http:\/\/www.w3.org\/1999\/xlink\" id=\"twitter-square\" viewBox=\"0 0 1536 1896.0833\">\n                                    <path d=\"M1280 610q-56 25-121 34 68-40 93-117-65 38-134 51-61-66-153-66-87 0-148.5 61.5T755 722q0 29 5 48-129-7-242-65T326 550q-29 50-29 106 0 114 91 175-47-1-100-26v2q0 75 50 133.5t123 72.5q-29 8-51 8-13 0-39-4 21 63 74.5 104t121.5 42q-116 90-261 90-26 0-50-3 148 94 322 94 112 0 210-35.5t168-95 120.5-137 75-162T1176 746q0-18-1-27 63-45 105-109zm256-194v960q0 119-84.5 203.5T1248 1664H288q-119 0-203.5-84.5T0 1376V416q0-119 84.5-203.5T288 128h960q119 0 203.5 84.5T1536 416z\"><\/path>\n                                  <\/svg>\n                                <\/div>\n<\/p><\/div>\n<\/p><\/div>\n<div class=\"social-icon-container d-inline-flex\">\n<div class=\"icon-container h-social-icon h-global-transition\">\n<div class=\"h-icon-svg\" style=\"width: 100%; height: 100%;\">\n                                  <!--Icon by Font Awesome (https:\/\/fontawesome.com)--><br \/>\n                                  <svg version=\"1.1\" xmlns=\"http:\/\/www.w3.org\/2000\/svg\" xmlns:xlink=\"http:\/\/www.w3.org\/1999\/xlink\" id=\"youtube-square\" viewBox=\"0 0 1536 1896.0833\">\n                                    <path d=\"M919 1303v-157q0-50-29-50-17 0-33 16v224q16 16 33 16 29 0 29-49zm184-122h66v-34q0-51-33-51t-33 51v34zM532 915v70h-80v423h-74V985h-78v-70h232zm201 126v367h-67v-40q-39 45-76 45-33 0-42-28-6-17-6-54v-290h66v270q0 24 1 26 1 15 15 15 20 0 42-31v-280h67zm252 111v146q0 52-7 73-12 42-53 42-35 0-68-41v36h-67V915h67v161q32-40 68-40 41 0 53 42 7 21 7 74zm251 129v9q0 29-2 43-3 22-15 40-27 40-80 40-52 0-81-38-21-27-21-86v-129q0-59 20-86 29-38 80-38t78 38q21 29 21 86v76h-133v65q0 51 34 51 24 0 30-26 0-1 .5-7t.5-16.5V1281h68zM785 457v156q0 51-32 51t-32-51V457q0-52 32-52t32 52zm533 713q0-177-19-260-10-44-43-73.5t-76-34.5q-136-15-412-15-275 0-411 15-44 5-76.5 34.5T238 910q-20 87-20 260 0 176 20 260 10 43 42.5 73t75.5 35q137 15 412 15t412-15q43-5 75.5-35t42.5-73q20-84 20-260zM563 519l90-296h-75l-51 195-53-195h-78q7 23 23 69l24 69q35 103 46 158v201h74V519zm289 81V470q0-58-21-87-29-38-78-38-51 0-78 38-21 29-21 87v130q0 58 21 87 27 38 78 38 49 0 78-38 21-27 21-87zm181 120h67V350h-67v283q-22 31-42 31-15 0-16-16-1-2-1-26V350h-67v293q0 37 6 55 11 27 43 27 36 0 77-45v40zm503-304v960q0 119-84.5 203.5T1248 1664H288q-119 0-203.5-84.5T0 1376V416q0-119 84.5-203.5T288 128h960q119 0 203.5 84.5T1536 416z\"><\/path>\n                                  <\/svg>\n                                <\/div>\n<\/p><\/div>\n<\/p><\/div>\n<div class=\"social-icon-container d-inline-flex\">\n<div class=\"icon-container h-social-icon h-global-transition\">\n<div class=\"h-icon-svg\" style=\"width: 100%; height: 100%;\">\n                                  <!--Icon by Font Awesome (https:\/\/fontawesome.com)--><br \/>\n                                  <svg version=\"1.1\" xmlns=\"http:\/\/www.w3.org\/2000\/svg\" xmlns:xlink=\"http:\/\/www.w3.org\/1999\/xlink\" id=\"vimeo-square\" viewBox=\"0 0 1536 1896.0833\">\n                                    <path d=\"M1292 638q10-216-161-222-231-8-312 261 44-19 82-19 85 0 74 96-4 57-74 167t-105 110q-43 0-82-169-13-54-45-255-30-189-160-177-59 7-164 100l-81 72-81 72 52 67q76-52 87-52 57 0 107 179 15 55 45 164.5t45 164.5q68 179 164 179 157 0 383-294 220-283 226-444zm244-222v960q0 119-84.5 203.5T1248 1664H288q-119 0-203.5-84.5T0 1376V416q0-119 84.5-203.5T288 128h960q119 0 203.5 84.5T1536 416z\"><\/path>\n                                  <\/svg>\n                                <\/div>\n<\/p><\/div>\n<\/p><\/div>\n<\/p><\/div>\n<\/p><\/div>\n<\/p><\/div>\n<\/p><\/div>\n<\/p><\/div>\n<div class=\"h-column h-column-container d-flex h-col-lg-auto h-col-md-auto h-col-auto style-858-outer style-local-274-c38-outer\">\n<div data-colibri-id=\"274-c38\" class=\"d-flex h-flex-basis h-column__inner h-px-lg-0 h-px-md-0 h-px-0 v-inner-lg-0 v-inner-md-0 v-inner-0 style-858 style-local-274-c38 position-relative\">\n                      <!----><br \/>\n                      <!----><\/p>\n<div class=\"w-100 h-y-container h-column__content h-column__v-align flex-basis-100 align-self-lg-center align-self-md-center align-self-center\">\n                        <!----><\/p>\n<div data-colibri-id=\"274-c39\" class=\"style-859 style-local-274-c39 position-relative h-element\">\n                          <!----><\/p>\n<div class=\"h-global-transition-all h-global-transition h-global-transition-all h-contact-form-shortcode\">\n<p class=\"shortcode-placeholder-preview\">Please set the &lsquo;Contact Form&rsquo; component shortcode<\/p>\n<\/p><\/div>\n<\/p><\/div>\n<\/p><\/div>\n<\/p><\/div>\n<\/p><\/div>\n<\/p><\/div>\n<\/p><\/div>\n<\/p><\/div>\n<\/p><\/div>\n<\/p><\/div>\n<\/p><\/div>\n<\/p><\/div>\n<\/p><\/div>\n<\/div>\n<\/div>\n","protected":false},"excerpt":{"rendered":"<p>LA TABLE OVALE DES ENTREPRENEURS Soutenez&nbsp;L&rsquo;USL, devenez&nbsp;partenaires&nbsp;! \u00catre partenaire de l&rsquo;USL c&rsquo;est &#8230; ACCOMPAGNER nos \u00e9quipes (la 1 et la r\u00e9serve), notre P\u00f4le jeunes et notre \u00c9cole de rugby dans leurs projets de d\u00e9veloppement SOUTENIR NOS \u00c9QUIPES en am\u00e9liorant leurs conditions de pratique du rugby PARTICIPER aux rencontres, repas d&rsquo;avant-match, r\u00e9ceptions d&rsquo;apr\u00e8s-match et lors d&rsquo;\u00e9v\u00e8nements [&hellip;]<\/p>\n","protected":false},"author":1,"featured_media":737,"parent":0,"menu_order":0,"comment_status":"closed","ping_status":"closed","template":"page-templates\/full-width-page.php","meta":[],"_links":{"self":[{"href":"https:\/\/lisleendodon-rugby.fr\/index.php?rest_route=\/wp\/v2\/pages\/274"}],"collection":[{"href":"https:\/\/lisleendodon-rugby.fr\/index.php?rest_route=\/wp\/v2\/pages"}],"about":[{"href":"https:\/\/lisleendodon-rugby.fr\/index.php?rest_route=\/wp\/v2\/types\/page"}],"author":[{"embeddable":true,"href":"https:\/\/lisleendodon-rugby.fr\/index.php?rest_route=\/wp\/v2\/users\/1"}],"replies":[{"embeddable":true,"href":"https:\/\/lisleendodon-rugby.fr\/index.php?rest_route=%2Fwp%2Fv2%2Fcomments&post=274"}],"version-history":[{"count":2,"href":"https:\/\/lisleendodon-rugby.fr\/index.php?rest_route=\/wp\/v2\/pages\/274\/revisions"}],"predecessor-version":[{"id":741,"href":"https:\/\/lisleendodon-rugby.fr\/index.php?rest_route=\/wp\/v2\/pages\/274\/revisions\/741"}],"wp:featuredmedia":[{"embeddable":true,"href":"https:\/\/lisleendodon-rugby.fr\/index.php?rest_route=\/wp\/v2\/media\/737"}],"wp:attachment":[{"href":"https:\/\/lisleendodon-rugby.fr\/index.php?rest_route=%2Fwp%2Fv2%2Fmedia&parent=274"}],"curies":[{"name":"wp","href":"https:\/\/api.w.org\/{rel}","templated":true}]}}