{"id":271,"date":"2020-08-30T22:05:00","date_gmt":"2020-08-30T20:05:00","guid":{"rendered":"http:\/\/lisleendodon-rugby.fr\/?page_id=271"},"modified":"2022-08-07T19:15:05","modified_gmt":"2022-08-07T17:15:05","slug":"nos-partenaires","status":"publish","type":"page","link":"https:\/\/lisleendodon-rugby.fr\/?page_id=271","title":{"rendered":"Nos partenaires"},"content":{"rendered":"\n<h2>Nous remercions tr\u00e8s chaleureusement tous nos partenaires publics et priv\u00e9s et nos sponsors, pour leur soutien ind\u00e9fectible et la grande aide qu&rsquo;ils apportent pour la vie du Club.\u00a0<br><\/h2>\n\n\n\n<h3>Nos partenaires institutionnels<\/h3>\n\n\n\n<div class=\"wp-block-columns\">\n<div class=\"wp-block-column\">\n<div class=\"wp-block-image\"><figure class=\"aligncenter size-large is-resized\"><img loading=\"lazy\" src=\"http:\/\/lisleendodon-rugby.fr\/wp-content\/uploads\/2020\/10\/FFR-1024x1024.png\" alt=\"FFR\" class=\"wp-image-787\" width=\"136\" height=\"136\" srcset=\"https:\/\/lisleendodon-rugby.fr\/wp-content\/uploads\/2020\/10\/FFR-1024x1024.png 1024w, https:\/\/lisleendodon-rugby.fr\/wp-content\/uploads\/2020\/10\/FFR-300x300.png 300w, https:\/\/lisleendodon-rugby.fr\/wp-content\/uploads\/2020\/10\/FFR-150x150.png 150w, https:\/\/lisleendodon-rugby.fr\/wp-content\/uploads\/2020\/10\/FFR-768x768.png 768w, https:\/\/lisleendodon-rugby.fr\/wp-content\/uploads\/2020\/10\/FFR.png 1200w\" sizes=\"(max-width: 136px) 100vw, 136px\" \/><\/figure><\/div>\n\n\n\n<h4 class=\"has-text-align-center\">F\u00e9d\u00e9ration Fran\u00e7aise de Rugby<\/h4>\n\n\n\n<div class=\"wp-block-buttons is-content-justification-center\">\n<div class=\"wp-block-button\"><a class=\"wp-block-button__link\" href=\"https:\/\/www.ffr.fr\/\" target=\"_blank\" rel=\"noreferrer noopener\">Site internet<\/a><\/div>\n<\/div>\n<\/div>\n\n\n\n<div class=\"wp-block-column\">\n<div class=\"wp-block-image\"><figure class=\"aligncenter size-full is-resized\"><img loading=\"lazy\" src=\"http:\/\/lisleendodon-rugby.fr\/wp-content\/uploads\/2020\/10\/Occitanie-ffr.jpg\" alt=\"ligue rugby Occitanie\" class=\"wp-image-788\" width=\"169\" height=\"129\" srcset=\"https:\/\/lisleendodon-rugby.fr\/wp-content\/uploads\/2020\/10\/Occitanie-ffr.jpg 781w, https:\/\/lisleendodon-rugby.fr\/wp-content\/uploads\/2020\/10\/Occitanie-ffr-300x230.jpg 300w, https:\/\/lisleendodon-rugby.fr\/wp-content\/uploads\/2020\/10\/Occitanie-ffr-768x590.jpg 768w\" sizes=\"(max-width: 169px) 100vw, 169px\" \/><\/figure><\/div>\n\n\n\n<h4 class=\"has-text-align-center\">Ligue r\u00e9gionale Occitanie<\/h4>\n\n\n\n<p><a href=\"https:\/\/ligueoccitanie.ffr.fr\/\">Site internet<\/a><\/p>\n<\/div>\n\n\n\n<div class=\"wp-block-column\">\n<div class=\"wp-block-image\"><figure class=\"aligncenter size-full is-resized\"><img loading=\"lazy\" src=\"http:\/\/lisleendodon-rugby.fr\/wp-content\/uploads\/2020\/10\/cropped-La-R\u00e9gion.jpg\" alt=\"R\u00e9gion Occitanie\" class=\"wp-image-790\" width=\"129\" height=\"129\" srcset=\"https:\/\/lisleendodon-rugby.fr\/wp-content\/uploads\/2020\/10\/cropped-La-R\u00e9gion.jpg 550w, https:\/\/lisleendodon-rugby.fr\/wp-content\/uploads\/2020\/10\/cropped-La-R\u00e9gion-300x300.jpg 300w, https:\/\/lisleendodon-rugby.fr\/wp-content\/uploads\/2020\/10\/cropped-La-R\u00e9gion-150x150.jpg 150w\" sizes=\"(max-width: 129px) 100vw, 129px\" \/><\/figure><\/div>\n\n\n\n<h4 class=\"has-text-align-center\">La R\u00e9gion Occitanie Pyr\u00e9n\u00e9es M\u00e9diterran\u00e9e<\/h4>\n\n\n\n<p><a href=\"https:\/\/www.laregion.fr\/\">Site internet<\/a><\/p>\n<\/div>\n\n\n\n<div class=\"wp-block-column\">\n<div class=\"wp-block-image\"><figure class=\"aligncenter size-full is-resized\"><img loading=\"lazy\" src=\"http:\/\/lisleendodon-rugby.fr\/wp-content\/uploads\/2020\/10\/CD31-logo-.jpg\" alt=\"Conseil d\u00e9partemental de la Haute-Garonne\" class=\"wp-image-784\" width=\"98\" height=\"131\" srcset=\"https:\/\/lisleendodon-rugby.fr\/wp-content\/uploads\/2020\/10\/CD31-logo-.jpg 567w, https:\/\/lisleendodon-rugby.fr\/wp-content\/uploads\/2020\/10\/CD31-logo--222x300.jpg 222w\" sizes=\"(max-width: 98px) 100vw, 98px\" \/><\/figure><\/div>\n\n\n\n<h4 class=\"has-text-align-center\">Conseil d\u00e9partement de la Haute-Garonne<\/h4>\n\n\n\n<p><a href=\"https:\/\/www.haute-garonne.fr\/\">Site internet<\/a><\/p>\n<\/div>\n<\/div>\n\n\n<div class=\"style-860 style-local-271-c1 position-relative\" data-colibri-id=\"271-c1\">\n<div id=\"features\" class=\"h-section h-section-global-spacing d-flex align-items-lg-center align-items-md-center align-items-center style-879 style-local-271-c2 position-relative\" data-colibri-component=\"section\" data-colibri-id=\"271-c2\">\n<div class=\"h-section-grid-container h-section-boxed-container\">\n<div class=\"h-row-container gutters-row-lg-2 gutters-row-md-2 gutters-row-2 gutters-row-v-lg-2 gutters-row-v-md-2 gutters-row-v-2 style-880 style-local-271-c3 position-relative\" data-colibri-id=\"271-c3\">\n<div class=\"h-row justify-content-lg-center justify-content-md-center justify-content-center align-items-lg-stretch align-items-md-stretch align-items-stretch gutters-col-lg-2 gutters-col-md-2 gutters-col-2 gutters-col-v-lg-2 gutters-col-v-md-2 gutters-col-v-2\">\n<div class=\"h-column h-column-container d-flex h-col-lg-4 h-col-md-6 h-col-12 style-881-outer style-local-271-c16-outer\">\n<div class=\"d-flex h-flex-basis h-column__inner h-px-lg-0 h-px-md-0 h-px-0 v-inner-lg-0 v-inner-md-0 v-inner-0 style-881 style-local-271-c16 position-relative\" data-colibri-id=\"271-c16\">\n<div class=\"w-100 h-y-container h-column__content h-column__v-align flex-basis-100 align-self-lg-start align-self-md-start align-self-start\">\n<div class=\"h-global-transition-all h-heading style-883 style-local-271-c18 position-relative h-element\" data-colibri-id=\"271-c18\">\n<div class=\"h-heading__outer style-883 style-local-271-c18\">\n<p>\u00a0<\/p>\n<\/div>\n<\/div>\n<\/div>\n<\/div>\n<\/div>\n<\/div>\n<\/div>\n<\/div>\n<\/div>\n<div id=\"features-2\" class=\"h-section h-section-global-spacing d-flex align-items-lg-center align-items-md-center align-items-center style-892 style-local-271-c26 position-relative\" data-colibri-component=\"section\" data-colibri-id=\"271-c26\">\n<div class=\"h-section-grid-container h-section-boxed-container\">\n<div class=\"h-row-container gutters-row-lg-2 gutters-row-md-2 gutters-row-2 gutters-row-v-lg-2 gutters-row-v-md-2 gutters-row-v-2 style-893 style-local-271-c27 position-relative\" data-colibri-id=\"271-c27\">\n<div class=\"h-row justify-content-lg-center justify-content-md-center justify-content-center align-items-lg-stretch align-items-md-stretch align-items-stretch gutters-col-lg-2 gutters-col-md-2 gutters-col-2 gutters-col-v-lg-2 gutters-col-v-md-2 gutters-col-v-2\">\n<div class=\"h-column h-column-container d-flex h-col-lg-4 h-col-md-6 h-col-12 style-894-outer style-local-271-c34-outer\">\n<div class=\"d-flex h-flex-basis h-column__inner h-px-lg-0 h-px-md-0 h-px-0 v-inner-lg-0 v-inner-md-0 v-inner-0 style-894 style-local-271-c34 position-relative\" data-colibri-id=\"271-c34\">\n<div class=\"w-100 h-y-container h-column__content h-column__v-align flex-basis-100 align-self-lg-start align-self-md-start align-self-start\">\n<div class=\"d-block style-895 style-local-271-c35 position-relative h-element\" data-colibri-id=\"271-c35\">\n<div class=\"h-image__frame-container-outer\">\n<div class=\"h-image__frame-container\"><br \/><br \/><img loading=\"lazy\" width=\"540\" height=\"497\" class=\"wp-image-785 style-895-image style-local-271-c35-image\" src=\"http:\/\/lisleendodon-rugby.fr\/wp-content\/uploads\/2020\/10\/Coeur-et-coteaux-comminges.png\" srcset=\"https:\/\/lisleendodon-rugby.fr\/wp-content\/uploads\/2020\/10\/Coeur-et-coteaux-comminges.png 540w, https:\/\/lisleendodon-rugby.fr\/wp-content\/uploads\/2020\/10\/Coeur-et-coteaux-comminges-300x276.png 300w\" sizes=\"(max-width: 540px) 100vw, 540px\" \/>\n<p>\u00a0<\/p>\n<div class=\"h-image__frame h-hide-lg h-hide-md h-hide-sm style-895-frameImage style-local-271-c35-frameImage\">\u00a0<\/div>\n<p>\u00a0<\/p>\n<\/div>\n<p>\u00a0<\/p>\n<\/div>\n<p>\u00a0<\/p>\n<\/div>\n<div class=\"h-global-transition-all h-heading style-896 style-local-271-c36 position-relative h-element\" data-colibri-id=\"271-c36\">\n<p>\u00a0<\/p>\n<div class=\"h-heading__outer style-896 style-local-271-c36\"><br \/>\n<p>\u00a0<\/p>\n<h4 class=\"\">Communaut\u00e9 de Communes<br \/><br \/>C\u0153ur &amp; Coteaux Comminges<\/h4>\n<p>\u00a0<\/p>\n<\/div>\n<p>\u00a0<\/p>\n<\/div>\n<div class=\"h-x-container style-898 style-local-271-c38 position-relative h-element\" data-colibri-id=\"271-c38\">\n<p>\u00a0<\/p>\n<div class=\"h-x-container-inner style-dynamic-271-c38-group style-898-spacing style-local-271-c38-spacing\"><span class=\"h-link__outer style-899-outer style-local-271-c39-outer d-inline-flex h-element\"><a class=\"d-flex w-100 align-items-center h-link style-899 style-local-271-c39 position-relative\" href=\"https:\/\/www.coeurcoteaux-comminges.fr\/\" data-colibri-id=\"271-c39\"> Site internet <span class=\"h-svg-icon h-link__icon style-899-icon style-local-271-c39-icon\"><!--Icon by Icons8 Line Awesome (https:\/\/icons8.com\/line-awesome)--><\/span><\/a><br \/><\/span><\/div>\n<p>\u00a0<\/p>\n<\/div>\n<p>\u00a0<\/p>\n<\/div>\n<p>\u00a0<\/p>\n<\/div>\n<p>\u00a0<\/p>\n<\/div>\n<div class=\"h-column h-column-container d-flex h-col-lg-4 h-col-md-6 h-col-12 style-894-outer style-local-271-c40-outer\">\n<div class=\"d-flex h-flex-basis h-column__inner h-px-lg-0 h-px-md-0 h-px-0 v-inner-lg-0 v-inner-md-0 v-inner-0 style-894 style-local-271-c40 position-relative\" data-colibri-id=\"271-c40\"><br \/>\n<p>\u00a0<\/p>\n<div class=\"w-100 h-y-container h-column__content h-column__v-align flex-basis-100 align-self-lg-start align-self-md-start align-self-start\">\n<p>\u00a0<\/p>\n<div class=\"d-block style-895 style-local-271-c41 position-relative h-element\" data-colibri-id=\"271-c41\">\n<p>\u00a0<\/p>\n<div class=\"h-image__frame-container-outer\">\n<div class=\"h-image__frame-container\"><br \/><br \/><img loading=\"lazy\" width=\"225\" height=\"225\" class=\"wp-image-786 style-895-image style-local-271-c41-image\" src=\"http:\/\/lisleendodon-rugby.fr\/wp-content\/uploads\/2020\/10\/mairie-IED.jpg\" srcset=\"https:\/\/lisleendodon-rugby.fr\/wp-content\/uploads\/2020\/10\/mairie-IED.jpg 225w, https:\/\/lisleendodon-rugby.fr\/wp-content\/uploads\/2020\/10\/mairie-IED-150x150.jpg 150w\" sizes=\"(max-width: 225px) 100vw, 225px\" \/>\n<p>\u00a0<\/p>\n<div class=\"h-image__frame h-hide-lg h-hide-md h-hide-sm style-895-frameImage style-local-271-c41-frameImage\">\u00a0<\/div>\n<p>\u00a0<\/p>\n<\/div>\n<p>\u00a0<\/p>\n<\/div>\n<p>\u00a0<\/p>\n<\/div>\n<div class=\"h-global-transition-all h-heading style-896 style-local-271-c42 position-relative h-element\" data-colibri-id=\"271-c42\">\n<p>\u00a0<\/p>\n<div class=\"h-heading__outer style-896 style-local-271-c42\"><br \/>\n<p>\u00a0<\/p>\n<h4 class=\"\">Mairie de l&rsquo;Isle-en-Dodon<\/h4>\n<p>\u00a0<\/p>\n<\/div>\n<p>\u00a0<\/p>\n<\/div>\n<div class=\"h-x-container style-898 style-local-271-c44 position-relative h-element\" data-colibri-id=\"271-c44\">\n<p>\u00a0<\/p>\n<div class=\"h-x-container-inner style-dynamic-271-c44-group style-898-spacing style-local-271-c44-spacing\"><span class=\"h-link__outer style-899-outer style-local-271-c45-outer d-inline-flex h-element\"><a class=\"d-flex w-100 align-items-center h-link style-899 style-local-271-c45 position-relative\" href=\"https:\/\/www.lisleendodon.com\/\" data-colibri-id=\"271-c45\"> Site internet <span class=\"h-svg-icon h-link__icon style-899-icon style-local-271-c45-icon\"><!--Icon by Icons8 Line Awesome (https:\/\/icons8.com\/line-awesome)--><\/span><\/a><br \/><\/span><\/div>\n<p>\u00a0<\/p>\n<\/div>\n<p>\u00a0<\/p>\n<\/div>\n<p>\u00a0<\/p>\n<\/div>\n<p>\u00a0<\/p>\n<\/div>\n<p>\u00a0<\/p>\n<\/div>\n<p>\u00a0<\/p>\n<\/div>\n<p>\u00a0<\/p>\n<\/div>\n<p>\u00a0<\/p>\n<\/div>\n<div id=\"reusable-sections\" class=\"h-section h-section-global-spacing d-flex align-items-lg-center align-items-md-center align-items-center style-936 style-local-271-c98 position-relative\" data-colibri-component=\"section\" data-colibri-id=\"271-c98\"><br \/>\n<p>\u00a0<\/p>\n<div class=\"h-section-grid-container h-section-boxed-container\">\n<p>\u00a0<\/p>\n<div class=\"h-row-container gutters-row-lg-2 gutters-row-md-2 gutters-row-2 gutters-row-v-lg-2 gutters-row-v-md-2 gutters-row-v-2 style-937 style-local-271-c99 position-relative\" data-colibri-id=\"271-c99\">\n<p>\u00a0<\/p>\n<div class=\"h-row justify-content-lg-center justify-content-md-center justify-content-center align-items-lg-stretch align-items-md-stretch align-items-stretch gutters-col-lg-2 gutters-col-md-2 gutters-col-2 gutters-col-v-lg-2 gutters-col-v-md-2 gutters-col-v-2\">\n<p>\u00a0<\/p>\n<div class=\"h-column h-column-container d-flex h-col-lg-4 h-col-md-6 h-col-12 style-938-outer style-local-271-c100-outer\">\n<div class=\"d-flex h-flex-basis h-column__inner h-px-lg-0 h-px-md-0 h-px-0 v-inner-lg-0 v-inner-md-0 v-inner-0 style-938 style-local-271-c100 position-relative\" data-colibri-id=\"271-c100\"><br \/>\n<p>\u00a0<\/p>\n<div class=\"w-100 h-y-container h-column__content h-column__v-align flex-basis-100 align-self-lg-start align-self-md-start align-self-start\">\n<p>\u00a0<\/p>\n<div class=\"d-block style-939 style-local-271-c101 position-relative h-element\" data-colibri-id=\"271-c101\">\n<p>\u00a0<\/p>\n<div class=\"h-image__frame-container-outer\">\n<div class=\"h-image__frame-container\"><br \/><br \/><img loading=\"lazy\" width=\"311\" height=\"202\" class=\"wp-image-802 style-939-image style-local-271-c101-image\" src=\"http:\/\/lisleendodon-rugby.fr\/wp-content\/uploads\/2020\/10\/cropped-mairie-2.jpg\" srcset=\"https:\/\/lisleendodon-rugby.fr\/wp-content\/uploads\/2020\/10\/cropped-mairie-2.jpg 311w, https:\/\/lisleendodon-rugby.fr\/wp-content\/uploads\/2020\/10\/cropped-mairie-2-300x195.jpg 300w\" sizes=\"(max-width: 311px) 100vw, 311px\" \/>\n<p>\u00a0<\/p>\n<div class=\"h-image__frame h-hide-lg h-hide-md h-hide-sm style-939-frameImage style-local-271-c101-frameImage\">\u00a0<\/div>\n<p>\u00a0<\/p>\n<\/div>\n<p>\u00a0<\/p>\n<\/div>\n<p>\u00a0<\/p>\n<\/div>\n<div class=\"h-global-transition-all h-heading style-940 style-local-271-c102 position-relative h-element\" data-colibri-id=\"271-c102\">\n<p>\u00a0<\/p>\n<div class=\"h-heading__outer style-940 style-local-271-c102\"><br \/>\n<p>\u00a0<\/p>\n<h4 class=\"\">Mairie de Fabas<\/h4>\n<p>\u00a0<\/p>\n<\/div>\n<p>\u00a0<\/p>\n<\/div>\n<div class=\"h-x-container style-941 style-local-271-c103 position-relative h-element\" data-colibri-id=\"271-c103\">\n<p>\u00a0<\/p>\n<div class=\"h-x-container-inner style-dynamic-271-c103-group style-941-spacing style-local-271-c103-spacing\"><span class=\"h-link__outer style-942-outer style-local-271-c104-outer d-inline-flex h-element\"><a class=\"d-flex w-100 align-items-center h-link style-942 style-local-271-c104 position-relative\" href=\"https:\/\/www.haute-garonne.fr\/\" data-colibri-id=\"271-c104\"> Site internet <span class=\"h-svg-icon h-link__icon style-942-icon style-local-271-c104-icon\"><!--Icon by Icons8 Line Awesome (https:\/\/icons8.com\/line-awesome)--><\/span><\/a><br \/><\/span><\/div>\n<p>\u00a0<\/p>\n<\/div>\n<p>\u00a0<\/p>\n<\/div>\n<p>\u00a0<\/p>\n<\/div>\n<p>\u00a0<\/p>\n<\/div>\n<div class=\"h-column h-column-container d-flex h-col-lg-4 h-col-md-6 h-col-12 style-938-outer style-local-271-c105-outer\">\n<div class=\"d-flex h-flex-basis h-column__inner h-px-lg-0 h-px-md-0 h-px-0 v-inner-lg-0 v-inner-md-0 v-inner-0 style-938 style-local-271-c105 position-relative\" data-colibri-id=\"271-c105\"><br \/>\n<p>\u00a0<\/p>\n<div class=\"w-100 h-y-container h-column__content h-column__v-align flex-basis-100 align-self-lg-start align-self-md-start align-self-start\">\n<p>\u00a0<\/p>\n<div class=\"d-block style-939 style-local-271-c106 position-relative h-element\" data-colibri-id=\"271-c106\">\n<p>\u00a0<\/p>\n<div class=\"h-image__frame-container-outer\">\n<div class=\"h-image__frame-container\"><br \/><br \/><img loading=\"lazy\" width=\"310\" height=\"202\" class=\"wp-image-803 style-939-image style-local-271-c106-image\" src=\"http:\/\/lisleendodon-rugby.fr\/wp-content\/uploads\/2020\/10\/cropped-mairie-3.jpg\" srcset=\"https:\/\/lisleendodon-rugby.fr\/wp-content\/uploads\/2020\/10\/cropped-mairie-3.jpg 310w, https:\/\/lisleendodon-rugby.fr\/wp-content\/uploads\/2020\/10\/cropped-mairie-3-300x195.jpg 300w\" sizes=\"(max-width: 310px) 100vw, 310px\" \/>\n<p>\u00a0<\/p>\n<div class=\"h-image__frame h-hide-lg h-hide-md h-hide-sm style-939-frameImage style-local-271-c106-frameImage\">\u00a0<\/div>\n<p>\u00a0<\/p>\n<\/div>\n<p>\u00a0<\/p>\n<\/div>\n<p>\u00a0<\/p>\n<\/div>\n<div class=\"h-global-transition-all h-heading style-940 style-local-271-c107 position-relative h-element\" data-colibri-id=\"271-c107\">\n<p>\u00a0<\/p>\n<div class=\"h-heading__outer style-940 style-local-271-c107\"><br \/>\n<p>\u00a0<\/p>\n<h4 class=\"\">Mairie de Puymaurin<\/h4>\n<p>\u00a0<\/p>\n<\/div>\n<p>\u00a0<\/p>\n<\/div>\n<div class=\"h-x-container style-941 style-local-271-c108 position-relative h-element\" data-colibri-id=\"271-c108\">\n<p>\u00a0<\/p>\n<div class=\"h-x-container-inner style-dynamic-271-c108-group style-941-spacing style-local-271-c108-spacing\"><span class=\"h-link__outer style-942-outer style-local-271-c109-outer d-inline-flex h-element\"><a class=\"d-flex w-100 align-items-center h-link style-942 style-local-271-c109 position-relative\" href=\"https:\/\/www.coeurcoteaux-comminges.fr\/\" data-colibri-id=\"271-c109\"> Site internet <span class=\"h-svg-icon h-link__icon style-942-icon style-local-271-c109-icon\"><!--Icon by Icons8 Line Awesome (https:\/\/icons8.com\/line-awesome)--><\/span><\/a><br \/><\/span><\/div>\n<p>\u00a0<\/p>\n<\/div>\n<p>\u00a0<\/p>\n<\/div>\n<p>\u00a0<\/p>\n<\/div>\n<p>\u00a0<\/p>\n<\/div>\n<div class=\"h-column h-column-container d-flex h-col-lg-4 h-col-md-6 h-col-12 style-938-outer style-local-271-c110-outer\">\n<div class=\"d-flex h-flex-basis h-column__inner h-px-lg-0 h-px-md-0 h-px-0 v-inner-lg-0 v-inner-md-0 v-inner-0 style-938 style-local-271-c110 position-relative\" data-colibri-id=\"271-c110\"><br \/>\n<p>\u00a0<\/p>\n<div class=\"w-100 h-y-container h-column__content h-column__v-align flex-basis-100 align-self-lg-start align-self-md-start align-self-start\">\n<p>\u00a0<\/p>\n<div class=\"d-block style-939 style-local-271-c111 position-relative h-element\" data-colibri-id=\"271-c111\">\n<p>\u00a0<\/p>\n<div class=\"h-image__frame-container-outer\">\n<div class=\"h-image__frame-container\"><br \/><br \/><img loading=\"lazy\" width=\"426\" height=\"426\" class=\"wp-image-804 style-939-image style-local-271-c111-image\" src=\"http:\/\/lisleendodon-rugby.fr\/wp-content\/uploads\/2020\/10\/cropped-colibri-image-33.png\" srcset=\"https:\/\/lisleendodon-rugby.fr\/wp-content\/uploads\/2020\/10\/cropped-colibri-image-33.png 426w, https:\/\/lisleendodon-rugby.fr\/wp-content\/uploads\/2020\/10\/cropped-colibri-image-33-300x300.png 300w, https:\/\/lisleendodon-rugby.fr\/wp-content\/uploads\/2020\/10\/cropped-colibri-image-33-150x150.png 150w\" sizes=\"(max-width: 426px) 100vw, 426px\" \/>\n<p>\u00a0<\/p>\n<div class=\"h-image__frame h-hide-lg h-hide-md h-hide-sm style-939-frameImage style-local-271-c111-frameImage\">\u00a0<\/div>\n<p>\u00a0<\/p>\n<\/div>\n<p>\u00a0<\/p>\n<\/div>\n<p>\u00a0<\/p>\n<\/div>\n<div class=\"h-global-transition-all h-heading style-940 style-local-271-c112 position-relative h-element\" data-colibri-id=\"271-c112\">\n<p>\u00a0<\/p>\n<div class=\"h-heading__outer style-940 style-local-271-c112\"><br \/>\n<p>\u00a0<\/p>\n<h4 class=\"\">Mairie de<\/h4>\n<p>\u00a0<\/p>\n<\/div>\n<p>\u00a0<\/p>\n<\/div>\n<div class=\"h-x-container style-941 style-local-271-c113 position-relative h-element\" data-colibri-id=\"271-c113\">\n<p>\u00a0<\/p>\n<div class=\"h-x-container-inner style-dynamic-271-c113-group style-941-spacing style-local-271-c113-spacing\"><span class=\"h-link__outer style-942-outer style-local-271-c114-outer d-inline-flex h-element\"><a class=\"d-flex w-100 align-items-center h-link style-942 style-local-271-c114 position-relative\" href=\"https:\/\/www.lisleendodon.com\/\" data-colibri-id=\"271-c114\"> Site internet <span class=\"h-svg-icon h-link__icon style-942-icon style-local-271-c114-icon\"><!--Icon by Icons8 Line Awesome (https:\/\/icons8.com\/line-awesome)--><\/span><\/a><br \/><\/span><\/div>\n<p>\u00a0<\/p>\n<\/div>\n<p>\u00a0<\/p>\n<\/div>\n<p>\u00a0<\/p>\n<\/div>\n<p>\u00a0<\/p>\n<\/div>\n<p>\u00a0<\/p>\n<\/div>\n<p>\u00a0<\/p>\n<\/div>\n<p>\u00a0<\/p>\n<\/div>\n<p>\u00a0<\/p>\n<\/div>\n<\/div>","protected":false},"excerpt":{"rendered":"<p>Nous remercions tr\u00e8s chaleureusement tous nos partenaires publics et priv\u00e9s et nos sponsors, pour leur soutien ind\u00e9fectible et la grande aide qu&rsquo;ils apportent pour la vie du Club.\u00a0 Nos partenaires institutionnels F\u00e9d\u00e9ration Fran\u00e7aise de Rugby Ligue r\u00e9gionale Occitanie Site internet La R\u00e9gion Occitanie Pyr\u00e9n\u00e9es M\u00e9diterran\u00e9e Site internet Conseil d\u00e9partement de la Haute-Garonne Site internet \u00a0 [&hellip;]<\/p>\n","protected":false},"author":1,"featured_media":0,"parent":0,"menu_order":0,"comment_status":"closed","ping_status":"closed","template":"page-templates\/full-width-page.php","meta":[],"_links":{"self":[{"href":"https:\/\/lisleendodon-rugby.fr\/index.php?rest_route=\/wp\/v2\/pages\/271"}],"collection":[{"href":"https:\/\/lisleendodon-rugby.fr\/index.php?rest_route=\/wp\/v2\/pages"}],"about":[{"href":"https:\/\/lisleendodon-rugby.fr\/index.php?rest_route=\/wp\/v2\/types\/page"}],"author":[{"embeddable":true,"href":"https:\/\/lisleendodon-rugby.fr\/index.php?rest_route=\/wp\/v2\/users\/1"}],"replies":[{"embeddable":true,"href":"https:\/\/lisleendodon-rugby.fr\/index.php?rest_route=%2Fwp%2Fv2%2Fcomments&post=271"}],"version-history":[{"count":8,"href":"https:\/\/lisleendodon-rugby.fr\/index.php?rest_route=\/wp\/v2\/pages\/271\/revisions"}],"predecessor-version":[{"id":1007,"href":"https:\/\/lisleendodon-rugby.fr\/index.php?rest_route=\/wp\/v2\/pages\/271\/revisions\/1007"}],"wp:attachment":[{"href":"https:\/\/lisleendodon-rugby.fr\/index.php?rest_route=%2Fwp%2Fv2%2Fmedia&parent=271"}],"curies":[{"name":"wp","href":"https:\/\/api.w.org\/{rel}","templated":true}]}}